{"id":940,"date":"2023-09-26T17:51:18","date_gmt":"2023-09-26T17:51:18","guid":{"rendered":"https:\/\/techlive.cl\/?page_id=940"},"modified":"2023-09-28T18:47:55","modified_gmt":"2023-09-28T18:47:55","slug":"analitica-de-negocios-con-ia-business-intelligence-bi-herramientas-y-estrategias","status":"publish","type":"page","link":"https:\/\/techlive.cl\/?page_id=940","title":{"rendered":"Anal\u00edtica de negocios con IA"},"content":{"rendered":"\t\t<div data-elementor-type=\"wp-page\" data-elementor-id=\"940\" class=\"elementor elementor-940\" data-elementor-post-type=\"page\">\n\t\t\t\t\t\t<section class=\"elementor-section elementor-top-section elementor-element elementor-element-43e1be9 elementor-section-boxed elementor-section-height-default elementor-section-height-default\" data-id=\"43e1be9\" data-element_type=\"section\" data-settings=\"{&quot;background_background&quot;:&quot;classic&quot;}\">\n\t\t\t\t\t\t<div class=\"elementor-container elementor-column-gap-default\">\n\t\t\t\t\t<div class=\"elementor-column elementor-col-50 elementor-top-column elementor-element elementor-element-458c26c\" data-id=\"458c26c\" data-element_type=\"column\">\n\t\t\t<div class=\"elementor-widget-wrap elementor-element-populated\">\n\t\t\t\t\t\t<div class=\"elementor-element elementor-element-e5998b0 elementor-widget elementor-widget-image\" data-id=\"e5998b0\" data-element_type=\"widget\" data-widget_type=\"image.default\">\n\t\t\t\t<div class=\"elementor-widget-container\">\n\t\t\t\t\t\t\t\t\t\t\t\t\t\t\t<img fetchpriority=\"high\" decoding=\"async\" width=\"610\" height=\"454\" src=\"https:\/\/techlive.cl\/wp-content\/uploads\/2023\/09\/pngwing.com-1.png\" class=\"attachment-large size-large wp-image-946\" alt=\"Nuestro partner l\u00edder en el mercado es Qlik, plataforma de Business Intelligence expertos en la integraci\u00f3n de datos, almacenamiento Cloud, visualizaci\u00f3n din\u00e1mica e intuitiva y sin gobernabilidad del \u00e1rea TI, ya que es f\u00e1cil de usar para el usuario final, cumpliendo con todos los est\u00e1ndares de seguridad TI.\" srcset=\"https:\/\/techlive.cl\/wp-content\/uploads\/2023\/09\/pngwing.com-1.png 610w, https:\/\/techlive.cl\/wp-content\/uploads\/2023\/09\/pngwing.com-1-300x223.png 300w\" sizes=\"(max-width: 610px) 100vw, 610px\" \/>\t\t\t\t\t\t\t\t\t\t\t\t\t\t\t<\/div>\n\t\t\t\t<\/div>\n\t\t\t\t<div class=\"elementor-element elementor-element-5e5a041 elementor-widget elementor-widget-image\" data-id=\"5e5a041\" data-element_type=\"widget\" data-widget_type=\"image.default\">\n\t\t\t\t<div class=\"elementor-widget-container\">\n\t\t\t\t\t\t\t\t\t\t\t\t\t\t\t<img decoding=\"async\" src=\"https:\/\/techlive.cl\/wp-content\/uploads\/elementor\/thumbs\/Qlik-Logo_RGB-e1695826090482-qd16oczgg6b4ywsmefgz2h2i0ovuljuekxn38mqc8g.png\" title=\"Qlik-Logo\" alt=\"Qlink\" loading=\"lazy\" \/>\t\t\t\t\t\t\t\t\t\t\t\t\t\t\t<\/div>\n\t\t\t\t<\/div>\n\t\t\t\t\t<\/div>\n\t\t<\/div>\n\t\t\t\t<div class=\"elementor-column elementor-col-50 elementor-top-column elementor-element elementor-element-1ea6b56\" data-id=\"1ea6b56\" data-element_type=\"column\">\n\t\t\t<div class=\"elementor-widget-wrap elementor-element-populated\">\n\t\t\t\t\t\t<div class=\"elementor-element elementor-element-ea6903a elementor-widget elementor-widget-heading\" data-id=\"ea6903a\" data-element_type=\"widget\" data-widget_type=\"heading.default\">\n\t\t\t\t<div class=\"elementor-widget-container\">\n\t\t\t\t\t<h2 class=\"elementor-heading-title elementor-size-default\">\u00bfQu\u00e9 es la anal\u00edtica de negocios con IA?<\/h2>\t\t\t\t<\/div>\n\t\t\t\t<\/div>\n\t\t\t\t<div class=\"elementor-element elementor-element-bffce80 elementor-widget elementor-widget-text-editor\" data-id=\"bffce80\" data-element_type=\"widget\" data-widget_type=\"text-editor.default\">\n\t\t\t\t<div class=\"elementor-widget-container\">\n\t\t\t\t\t\t\t\t\t<div class=\"v1elementToProof\">Tambi\u00e9n conocido como Business Intelligence (BI), es un conjunto de estrategias y herramientas que se alimentan de los datos hist\u00f3ricos, actuales y en tiempo real de tu negocio. Presentando reportes, paneles din\u00e1micos, aplicaciones interactivas, an\u00e1lisis conversacional, informes, alertas, etc!\u00a0<\/div><div class=\"v1elementToProof\">\u00a0<\/div><div class=\"v1elementToProof\"><p class=\"v1MsoNormal v1ContentPasted1\">Este tipo de anal\u00edtica se encuentra integrada con la Inteligencia Artificial y con capacidad Machine Learning, logrando una anal\u00edtica avanzada con un motor asociativo, de manera que puedas tomar decisiones estrat\u00e9gicamente en base a datos descriptivos, es decir a lo que est\u00e1 pasando en estos momentos, datos predictivos, es decir a lo que pasar\u00e1 y datos prescriptivos, es decir a lo que deber\u00eda suceder.\u00a0<\/p><p class=\"v1MsoNormal v1ContentPasted1\"><span style=\"font-size: 16px;\">Nuestro partner l\u00edder en el mercado es Qlik, plataforma de Business Intelligence expertos en la integraci\u00f3n de datos, almacenamiento Cloud, visualizaci\u00f3n din\u00e1mica e intuitiva y sin gobernabilidad del \u00e1rea TI, ya que es f\u00e1cil de usar para el usuario final, cumpliendo con todos los est\u00e1ndares de seguridad TI.<\/span><\/p><\/div>\t\t\t\t\t\t\t\t<\/div>\n\t\t\t\t<\/div>\n\t\t\t\t<div class=\"elementor-element elementor-element-e61979a elementor-align-center elementor-widget elementor-widget-button\" data-id=\"e61979a\" data-element_type=\"widget\" data-widget_type=\"button.default\">\n\t\t\t\t<div class=\"elementor-widget-container\">\n\t\t\t\t\t\t\t\t\t<div class=\"elementor-button-wrapper\">\n\t\t\t\t\t<a class=\"elementor-button elementor-button-link elementor-size-sm\" href=\"https:\/\/techlive.cl\/?page_id=61\">\n\t\t\t\t\t\t<span class=\"elementor-button-content-wrapper\">\n\t\t\t\t\t\t\t\t\t<span class=\"elementor-button-text\">\u00bfQuieres saber m\u00e1s?<\/span>\n\t\t\t\t\t<\/span>\n\t\t\t\t\t<\/a>\n\t\t\t\t<\/div>\n\t\t\t\t\t\t\t\t<\/div>\n\t\t\t\t<\/div>\n\t\t\t\t\t<\/div>\n\t\t<\/div>\n\t\t\t\t\t<\/div>\n\t\t<\/section>\n\t\t\t\t<\/div>\n\t\t","protected":false},"excerpt":{"rendered":"<p>\u00bfQu\u00e9 es la anal\u00edtica de negocios con IA? Tambi\u00e9n conocido como Business Intelligence (BI), es un conjunto de estrategias y herramientas que se alimentan de los datos hist\u00f3ricos, actuales y en tiempo real de tu negocio. Presentando reportes, paneles din\u00e1micos, aplicaciones interactivas, an\u00e1lisis conversacional, informes, alertas, etc!\u00a0\u00a0 Este tipo de anal\u00edtica se encuentra integrada con &hellip;<\/p>\n<p class=\"read-more\"> <a class=\"\" href=\"https:\/\/techlive.cl\/?page_id=940\"> <span class=\"screen-reader-text\">Anal\u00edtica de negocios con IA<\/span> Leer m\u00e1s &raquo;<\/a><\/p>\n","protected":false},"author":1,"featured_media":0,"parent":0,"menu_order":0,"comment_status":"closed","ping_status":"closed","template":"","meta":{"site-sidebar-layout":"no-sidebar","site-content-layout":"page-builder","ast-site-content-layout":"","site-content-style":"default","site-sidebar-style":"default","ast-global-header-display":"","ast-banner-title-visibility":"","ast-main-header-display":"","ast-hfb-above-header-display":"","ast-hfb-below-header-display":"","ast-hfb-mobile-header-display":"","site-post-title":"disabled","ast-breadcrumbs-content":"","ast-featured-img":"disabled","footer-sml-layout":"","theme-transparent-header-meta":"","adv-header-id-meta":"","stick-header-meta":"","header-above-stick-meta":"","header-main-stick-meta":"","header-below-stick-meta":"","astra-migrate-meta-layouts":"","footnotes":""},"class_list":["post-940","page","type-page","status-publish","hentry"],"yoast_head":"<!-- This site is optimized with the Yoast SEO plugin v21.0 - https:\/\/yoast.com\/wordpress\/plugins\/seo\/ -->\n<title>Anal\u00edtica de negocios con IA - techlive<\/title>\n<meta name=\"description\" content=\"Descubre qu\u00e9 es la anal\u00edtica de negocios con IA, tambi\u00e9n conocida como Business Intelligence (BI). Aprende c\u00f3mo utiliza datos hist\u00f3ricos, actuales y en tiempo real para crear reportes, paneles din\u00e1micos, aplicaciones interactivas, an\u00e1lisis conversacional, informes y alertas en tu negocio.&quot;\" \/>\n<meta name=\"robots\" content=\"index, follow, max-snippet:-1, max-image-preview:large, max-video-preview:-1\" \/>\n<link rel=\"canonical\" href=\"https:\/\/techlive.cl\/?page_id=940\" \/>\n<meta property=\"og:locale\" content=\"es_ES\" \/>\n<meta property=\"og:type\" content=\"article\" \/>\n<meta property=\"og:title\" content=\"Anal\u00edtica de negocios con IA - techlive\" \/>\n<meta property=\"og:description\" content=\"Descubre qu\u00e9 es la anal\u00edtica de negocios con IA, tambi\u00e9n conocida como Business Intelligence (BI). Aprende c\u00f3mo utiliza datos hist\u00f3ricos, actuales y en tiempo real para crear reportes, paneles din\u00e1micos, aplicaciones interactivas, an\u00e1lisis conversacional, informes y alertas en tu negocio.&quot;\" \/>\n<meta property=\"og:url\" content=\"https:\/\/techlive.cl\/?page_id=940\" \/>\n<meta property=\"og:site_name\" content=\"techlive\" \/>\n<meta property=\"article:modified_time\" content=\"2023-09-28T18:47:55+00:00\" \/>\n<meta property=\"og:image\" content=\"https:\/\/techlive.cl\/wp-content\/uploads\/2023\/09\/pngwing.com-1.png\" \/>\n<meta name=\"twitter:card\" content=\"summary_large_image\" \/>\n<meta name=\"twitter:label1\" content=\"Tiempo de lectura\" \/>\n\t<meta name=\"twitter:data1\" content=\"2 minutos\" \/>\n<script type=\"application\/ld+json\" class=\"yoast-schema-graph\">{\"@context\":\"https:\/\/schema.org\",\"@graph\":[{\"@type\":\"WebPage\",\"@id\":\"https:\/\/techlive.cl\/?page_id=940\",\"url\":\"https:\/\/techlive.cl\/?page_id=940\",\"name\":\"Anal\u00edtica de negocios con IA - techlive\",\"isPartOf\":{\"@id\":\"https:\/\/techlive.cl\/#website\"},\"datePublished\":\"2023-09-26T17:51:18+00:00\",\"dateModified\":\"2023-09-28T18:47:55+00:00\",\"description\":\"Descubre qu\u00e9 es la anal\u00edtica de negocios con IA, tambi\u00e9n conocida como Business Intelligence (BI). Aprende c\u00f3mo utiliza datos hist\u00f3ricos, actuales y en tiempo real para crear reportes, paneles din\u00e1micos, aplicaciones interactivas, an\u00e1lisis conversacional, informes y alertas en tu negocio.\\\"\",\"breadcrumb\":{\"@id\":\"https:\/\/techlive.cl\/?page_id=940#breadcrumb\"},\"inLanguage\":\"es\",\"potentialAction\":[{\"@type\":\"ReadAction\",\"target\":[\"https:\/\/techlive.cl\/?page_id=940\"]}]},{\"@type\":\"BreadcrumbList\",\"@id\":\"https:\/\/techlive.cl\/?page_id=940#breadcrumb\",\"itemListElement\":[{\"@type\":\"ListItem\",\"position\":1,\"name\":\"Portada\",\"item\":\"https:\/\/techlive.cl\/\"},{\"@type\":\"ListItem\",\"position\":2,\"name\":\"Anal\u00edtica de negocios con IA\"}]},{\"@type\":\"WebSite\",\"@id\":\"https:\/\/techlive.cl\/#website\",\"url\":\"https:\/\/techlive.cl\/\",\"name\":\"techlive\",\"description\":\"\",\"publisher\":{\"@id\":\"https:\/\/techlive.cl\/#organization\"},\"potentialAction\":[{\"@type\":\"SearchAction\",\"target\":{\"@type\":\"EntryPoint\",\"urlTemplate\":\"https:\/\/techlive.cl\/?s={search_term_string}\"},\"query-input\":\"required name=search_term_string\"}],\"inLanguage\":\"es\"},{\"@type\":\"Organization\",\"@id\":\"https:\/\/techlive.cl\/#organization\",\"name\":\"techlive\",\"url\":\"https:\/\/techlive.cl\/\",\"logo\":{\"@type\":\"ImageObject\",\"inLanguage\":\"es\",\"@id\":\"https:\/\/techlive.cl\/#\/schema\/logo\/image\/\",\"url\":\"https:\/\/techlive.cl\/wp-content\/uploads\/2023\/08\/log_horizontal.jpg\",\"contentUrl\":\"https:\/\/techlive.cl\/wp-content\/uploads\/2023\/08\/log_horizontal.jpg\",\"width\":612,\"height\":186,\"caption\":\"techlive\"},\"image\":{\"@id\":\"https:\/\/techlive.cl\/#\/schema\/logo\/image\/\"}}]}<\/script>\n<!-- \/ Yoast SEO plugin. -->","yoast_head_json":{"title":"Anal\u00edtica de negocios con IA - techlive","description":"Descubre qu\u00e9 es la anal\u00edtica de negocios con IA, tambi\u00e9n conocida como Business Intelligence (BI). Aprende c\u00f3mo utiliza datos hist\u00f3ricos, actuales y en tiempo real para crear reportes, paneles din\u00e1micos, aplicaciones interactivas, an\u00e1lisis conversacional, informes y alertas en tu negocio.\"","robots":{"index":"index","follow":"follow","max-snippet":"max-snippet:-1","max-image-preview":"max-image-preview:large","max-video-preview":"max-video-preview:-1"},"canonical":"https:\/\/techlive.cl\/?page_id=940","og_locale":"es_ES","og_type":"article","og_title":"Anal\u00edtica de negocios con IA - techlive","og_description":"Descubre qu\u00e9 es la anal\u00edtica de negocios con IA, tambi\u00e9n conocida como Business Intelligence (BI). Aprende c\u00f3mo utiliza datos hist\u00f3ricos, actuales y en tiempo real para crear reportes, paneles din\u00e1micos, aplicaciones interactivas, an\u00e1lisis conversacional, informes y alertas en tu negocio.\"","og_url":"https:\/\/techlive.cl\/?page_id=940","og_site_name":"techlive","article_modified_time":"2023-09-28T18:47:55+00:00","og_image":[{"url":"https:\/\/techlive.cl\/wp-content\/uploads\/2023\/09\/pngwing.com-1.png"}],"twitter_card":"summary_large_image","twitter_misc":{"Tiempo de lectura":"2 minutos"},"schema":{"@context":"https:\/\/schema.org","@graph":[{"@type":"WebPage","@id":"https:\/\/techlive.cl\/?page_id=940","url":"https:\/\/techlive.cl\/?page_id=940","name":"Anal\u00edtica de negocios con IA - techlive","isPartOf":{"@id":"https:\/\/techlive.cl\/#website"},"datePublished":"2023-09-26T17:51:18+00:00","dateModified":"2023-09-28T18:47:55+00:00","description":"Descubre qu\u00e9 es la anal\u00edtica de negocios con IA, tambi\u00e9n conocida como Business Intelligence (BI). Aprende c\u00f3mo utiliza datos hist\u00f3ricos, actuales y en tiempo real para crear reportes, paneles din\u00e1micos, aplicaciones interactivas, an\u00e1lisis conversacional, informes y alertas en tu negocio.\"","breadcrumb":{"@id":"https:\/\/techlive.cl\/?page_id=940#breadcrumb"},"inLanguage":"es","potentialAction":[{"@type":"ReadAction","target":["https:\/\/techlive.cl\/?page_id=940"]}]},{"@type":"BreadcrumbList","@id":"https:\/\/techlive.cl\/?page_id=940#breadcrumb","itemListElement":[{"@type":"ListItem","position":1,"name":"Portada","item":"https:\/\/techlive.cl\/"},{"@type":"ListItem","position":2,"name":"Anal\u00edtica de negocios con IA"}]},{"@type":"WebSite","@id":"https:\/\/techlive.cl\/#website","url":"https:\/\/techlive.cl\/","name":"techlive","description":"","publisher":{"@id":"https:\/\/techlive.cl\/#organization"},"potentialAction":[{"@type":"SearchAction","target":{"@type":"EntryPoint","urlTemplate":"https:\/\/techlive.cl\/?s={search_term_string}"},"query-input":"required name=search_term_string"}],"inLanguage":"es"},{"@type":"Organization","@id":"https:\/\/techlive.cl\/#organization","name":"techlive","url":"https:\/\/techlive.cl\/","logo":{"@type":"ImageObject","inLanguage":"es","@id":"https:\/\/techlive.cl\/#\/schema\/logo\/image\/","url":"https:\/\/techlive.cl\/wp-content\/uploads\/2023\/08\/log_horizontal.jpg","contentUrl":"https:\/\/techlive.cl\/wp-content\/uploads\/2023\/08\/log_horizontal.jpg","width":612,"height":186,"caption":"techlive"},"image":{"@id":"https:\/\/techlive.cl\/#\/schema\/logo\/image\/"}}]}},"_links":{"self":[{"href":"https:\/\/techlive.cl\/index.php?rest_route=\/wp\/v2\/pages\/940","targetHints":{"allow":["GET"]}}],"collection":[{"href":"https:\/\/techlive.cl\/index.php?rest_route=\/wp\/v2\/pages"}],"about":[{"href":"https:\/\/techlive.cl\/index.php?rest_route=\/wp\/v2\/types\/page"}],"author":[{"embeddable":true,"href":"https:\/\/techlive.cl\/index.php?rest_route=\/wp\/v2\/users\/1"}],"replies":[{"embeddable":true,"href":"https:\/\/techlive.cl\/index.php?rest_route=%2Fwp%2Fv2%2Fcomments&post=940"}],"version-history":[{"count":46,"href":"https:\/\/techlive.cl\/index.php?rest_route=\/wp\/v2\/pages\/940\/revisions"}],"predecessor-version":[{"id":1002,"href":"https:\/\/techlive.cl\/index.php?rest_route=\/wp\/v2\/pages\/940\/revisions\/1002"}],"wp:attachment":[{"href":"https:\/\/techlive.cl\/index.php?rest_route=%2Fwp%2Fv2%2Fmedia&parent=940"}],"curies":[{"name":"wp","href":"https:\/\/api.w.org\/{rel}","templated":true}]}}