{"id":125,"date":"2023-08-24T16:53:24","date_gmt":"2023-08-24T16:53:24","guid":{"rendered":"https:\/\/techlive.cl\/?page_id=125"},"modified":"2023-09-20T20:36:58","modified_gmt":"2023-09-20T20:36:58","slug":"software-factory-procesos-herramientas-eficiencia-calidad","status":"publish","type":"page","link":"https:\/\/techlive.cl\/?page_id=125","title":{"rendered":"Software Factory"},"content":{"rendered":"\t\t<div data-elementor-type=\"wp-page\" data-elementor-id=\"125\" class=\"elementor elementor-125\" data-elementor-post-type=\"page\">\n\t\t\t\t\t\t<section class=\"elementor-section elementor-top-section elementor-element elementor-element-440ac0d elementor-section-content-middle elementor-section-boxed elementor-section-height-default elementor-section-height-default\" data-id=\"440ac0d\" data-element_type=\"section\" data-settings=\"{&quot;background_background&quot;:&quot;gradient&quot;}\">\n\t\t\t\t\t\t<div class=\"elementor-container elementor-column-gap-default\">\n\t\t\t\t\t<div class=\"elementor-column elementor-col-50 elementor-top-column elementor-element elementor-element-a8825d6\" data-id=\"a8825d6\" data-element_type=\"column\">\n\t\t\t<div class=\"elementor-widget-wrap elementor-element-populated\">\n\t\t\t\t\t\t<div class=\"elementor-element elementor-element-25532cc elementor-invisible elementor-widget elementor-widget-image\" data-id=\"25532cc\" data-element_type=\"widget\" data-settings=\"{&quot;_animation&quot;:&quot;zoomIn&quot;}\" data-widget_type=\"image.default\">\n\t\t\t\t<div class=\"elementor-widget-container\">\n\t\t\t\t\t\t\t\t\t\t\t\t\t\t\t<img fetchpriority=\"high\" decoding=\"async\" width=\"1024\" height=\"1024\" src=\"https:\/\/techlive.cl\/wp-content\/uploads\/2023\/09\/15680-1024x1024.jpg\" class=\"attachment-large size-large wp-image-583\" alt=\"\" srcset=\"https:\/\/techlive.cl\/wp-content\/uploads\/2023\/09\/15680-1024x1024.jpg 1024w, https:\/\/techlive.cl\/wp-content\/uploads\/2023\/09\/15680-300x300.jpg 300w, https:\/\/techlive.cl\/wp-content\/uploads\/2023\/09\/15680-150x150.jpg 150w, https:\/\/techlive.cl\/wp-content\/uploads\/2023\/09\/15680-768x768.jpg 768w, https:\/\/techlive.cl\/wp-content\/uploads\/2023\/09\/15680-1536x1536.jpg 1536w, https:\/\/techlive.cl\/wp-content\/uploads\/2023\/09\/15680-2048x2048.jpg 2048w\" sizes=\"(max-width: 1024px) 100vw, 1024px\" \/>\t\t\t\t\t\t\t\t\t\t\t\t\t\t\t<\/div>\n\t\t\t\t<\/div>\n\t\t\t\t<div class=\"elementor-element elementor-element-a5fa004 elementor-widget elementor-widget-image\" data-id=\"a5fa004\" data-element_type=\"widget\" data-widget_type=\"image.default\">\n\t\t\t\t<div class=\"elementor-widget-container\">\n\t\t\t\t\t\t\t\t\t\t\t\t\t\t\t<img decoding=\"async\" width=\"323\" height=\"89\" src=\"https:\/\/techlive.cl\/wp-content\/uploads\/2023\/08\/consensus.jpg\" class=\"attachment-large size-large wp-image-26\" alt=\"\" srcset=\"https:\/\/techlive.cl\/wp-content\/uploads\/2023\/08\/consensus.jpg 323w, https:\/\/techlive.cl\/wp-content\/uploads\/2023\/08\/consensus-300x83.jpg 300w\" sizes=\"(max-width: 323px) 100vw, 323px\" \/>\t\t\t\t\t\t\t\t\t\t\t\t\t\t\t<\/div>\n\t\t\t\t<\/div>\n\t\t\t\t\t<\/div>\n\t\t<\/div>\n\t\t\t\t<div class=\"elementor-column elementor-col-50 elementor-top-column elementor-element elementor-element-f7185ac\" data-id=\"f7185ac\" data-element_type=\"column\">\n\t\t\t<div class=\"elementor-widget-wrap elementor-element-populated\">\n\t\t\t\t\t\t<div class=\"elementor-element elementor-element-5cd239b elementor-widget elementor-widget-text-editor\" data-id=\"5cd239b\" data-element_type=\"widget\" data-widget_type=\"text-editor.default\">\n\t\t\t\t<div class=\"elementor-widget-container\">\n\t\t\t\t\t\t\t\t\t<h3>\u00bfQUE ES SOFTWARE FACTORY?<\/h3><p>F\u00e1brica de Software, se refiere al desarrollo de sistemas de informaci\u00f3n que incluyen un conjunto de programas que realizan diversas tareas, siendo personalizado seg\u00fan las necesidades de los clientes. Pudiendo desarrollar plataformas web o aplicaciones mobile\u2019s.<\/p><p>Nos alineamos con las necesidades reales de nuestros clientes como si fueramos parte de su empresa.<\/p><p>Esta filosof\u00eda nos permite comprender en profundidad la estrategia de negocios de nuestros clientes y decidir el modelo de trabajo que mejor se ajusta a sus necesidades, con calidad World-Class, costos competitivos y una total flexibilidad de adaptaci\u00f3n a los requerimientos del proyecto.<\/p><p>Brindamos servicios de dise\u00f1o, desarrollo y mantenimiento, que se adaptan a la realidad de cada proyecto logrando as\u00ed minimizar los costos, reducir el time-to-market e incrementar la productividad.<\/p><p>Nuestro Partner l\u00edder en el mercado es Consensus, empresa de Software Services que disponibiliza las herramientas para realizar los desarrollos integrales con enfoque inteligente y flexible logrando la satisfacci\u00f3n de los clientes<\/p>\t\t\t\t\t\t\t\t<\/div>\n\t\t\t\t<\/div>\n\t\t\t\t<div class=\"elementor-element elementor-element-1a7176f elementor-align-center elementor-widget elementor-widget-button\" data-id=\"1a7176f\" data-element_type=\"widget\" data-widget_type=\"button.default\">\n\t\t\t\t<div class=\"elementor-widget-container\">\n\t\t\t\t\t\t\t\t\t<div class=\"elementor-button-wrapper\">\n\t\t\t\t\t<a class=\"elementor-button elementor-button-link elementor-size-sm\" href=\"https:\/\/techlive.cl\/?page_id=61\">\n\t\t\t\t\t\t<span class=\"elementor-button-content-wrapper\">\n\t\t\t\t\t\t\t\t\t<span class=\"elementor-button-text\">\u00bfQuieres saber m\u00e1s?<\/span>\n\t\t\t\t\t<\/span>\n\t\t\t\t\t<\/a>\n\t\t\t\t<\/div>\n\t\t\t\t\t\t\t\t<\/div>\n\t\t\t\t<\/div>\n\t\t\t\t\t<\/div>\n\t\t<\/div>\n\t\t\t\t\t<\/div>\n\t\t<\/section>\n\t\t\t\t<section class=\"elementor-section elementor-top-section elementor-element elementor-element-f57352d elementor-section-boxed elementor-section-height-default elementor-section-height-default\" data-id=\"f57352d\" data-element_type=\"section\">\n\t\t\t\t\t\t<div class=\"elementor-container elementor-column-gap-default\">\n\t\t\t\t\t<div class=\"elementor-column elementor-col-100 elementor-top-column elementor-element elementor-element-27a43c2\" data-id=\"27a43c2\" data-element_type=\"column\">\n\t\t\t<div class=\"elementor-widget-wrap elementor-element-populated\">\n\t\t\t\t\t\t<div class=\"elementor-element elementor-element-ca93fb4 elementor-widget elementor-widget-spacer\" data-id=\"ca93fb4\" data-element_type=\"widget\" data-widget_type=\"spacer.default\">\n\t\t\t\t<div class=\"elementor-widget-container\">\n\t\t\t\t\t\t\t<div class=\"elementor-spacer\">\n\t\t\t<div class=\"elementor-spacer-inner\"><\/div>\n\t\t<\/div>\n\t\t\t\t\t\t<\/div>\n\t\t\t\t<\/div>\n\t\t\t\t\t<\/div>\n\t\t<\/div>\n\t\t\t\t\t<\/div>\n\t\t<\/section>\n\t\t\t\t<\/div>\n\t\t","protected":false},"excerpt":{"rendered":"<p>\u00bfQUE ES SOFTWARE FACTORY? F\u00e1brica de Software, se refiere al desarrollo de sistemas de informaci\u00f3n que incluyen un conjunto de programas que realizan diversas tareas, siendo personalizado seg\u00fan las necesidades de los clientes. Pudiendo desarrollar plataformas web o aplicaciones mobile\u2019s. Nos alineamos con las necesidades reales de nuestros clientes como si fueramos parte de su &hellip;<\/p>\n<p class=\"read-more\"> <a class=\"\" href=\"https:\/\/techlive.cl\/?page_id=125\"> <span class=\"screen-reader-text\">Software Factory<\/span> Leer m\u00e1s &raquo;<\/a><\/p>\n","protected":false},"author":1,"featured_media":0,"parent":0,"menu_order":0,"comment_status":"closed","ping_status":"closed","template":"","meta":{"site-sidebar-layout":"no-sidebar","site-content-layout":"page-builder","ast-site-content-layout":"","site-content-style":"default","site-sidebar-style":"default","ast-global-header-display":"","ast-banner-title-visibility":"","ast-main-header-display":"","ast-hfb-above-header-display":"","ast-hfb-below-header-display":"","ast-hfb-mobile-header-display":"","site-post-title":"disabled","ast-breadcrumbs-content":"","ast-featured-img":"disabled","footer-sml-layout":"","theme-transparent-header-meta":"","adv-header-id-meta":"","stick-header-meta":"","header-above-stick-meta":"","header-main-stick-meta":"","header-below-stick-meta":"","astra-migrate-meta-layouts":"","footnotes":""},"class_list":["post-125","page","type-page","status-publish","hentry"],"yoast_head":"<!-- This site is optimized with the Yoast SEO plugin v21.0 - https:\/\/yoast.com\/wordpress\/plugins\/seo\/ -->\n<title>Software Factory - techlive<\/title>\n<meta name=\"description\" content=\"Empleamos procesos, herramientas y automatizaci\u00f3n para mejorar la eficiencia, calidad y velocidad en la producci\u00f3n de aplicaciones.\" \/>\n<meta name=\"robots\" content=\"index, follow, max-snippet:-1, max-image-preview:large, max-video-preview:-1\" \/>\n<link rel=\"canonical\" href=\"https:\/\/techlive.cl\/?page_id=125\" \/>\n<meta property=\"og:locale\" content=\"es_ES\" \/>\n<meta property=\"og:type\" content=\"article\" \/>\n<meta property=\"og:title\" content=\"Software Factory - techlive\" \/>\n<meta property=\"og:description\" content=\"Empleamos procesos, herramientas y automatizaci\u00f3n para mejorar la eficiencia, calidad y velocidad en la producci\u00f3n de aplicaciones.\" \/>\n<meta property=\"og:url\" content=\"https:\/\/techlive.cl\/?page_id=125\" \/>\n<meta property=\"og:site_name\" content=\"techlive\" \/>\n<meta property=\"article:modified_time\" content=\"2023-09-20T20:36:58+00:00\" \/>\n<meta property=\"og:image\" content=\"https:\/\/techlive.cl\/wp-content\/uploads\/2023\/09\/15680-1024x1024.jpg\" \/>\n<meta name=\"twitter:card\" content=\"summary_large_image\" \/>\n<meta name=\"twitter:label1\" content=\"Tiempo de lectura\" \/>\n\t<meta name=\"twitter:data1\" content=\"2 minutos\" \/>\n<script type=\"application\/ld+json\" class=\"yoast-schema-graph\">{\"@context\":\"https:\/\/schema.org\",\"@graph\":[{\"@type\":\"WebPage\",\"@id\":\"https:\/\/techlive.cl\/?page_id=125\",\"url\":\"https:\/\/techlive.cl\/?page_id=125\",\"name\":\"Software Factory - techlive\",\"isPartOf\":{\"@id\":\"https:\/\/techlive.cl\/#website\"},\"datePublished\":\"2023-08-24T16:53:24+00:00\",\"dateModified\":\"2023-09-20T20:36:58+00:00\",\"description\":\"Empleamos procesos, herramientas y automatizaci\u00f3n para mejorar la eficiencia, calidad y velocidad en la producci\u00f3n de aplicaciones.\",\"breadcrumb\":{\"@id\":\"https:\/\/techlive.cl\/?page_id=125#breadcrumb\"},\"inLanguage\":\"es\",\"potentialAction\":[{\"@type\":\"ReadAction\",\"target\":[\"https:\/\/techlive.cl\/?page_id=125\"]}]},{\"@type\":\"BreadcrumbList\",\"@id\":\"https:\/\/techlive.cl\/?page_id=125#breadcrumb\",\"itemListElement\":[{\"@type\":\"ListItem\",\"position\":1,\"name\":\"Portada\",\"item\":\"https:\/\/techlive.cl\/\"},{\"@type\":\"ListItem\",\"position\":2,\"name\":\"Software Factory\"}]},{\"@type\":\"WebSite\",\"@id\":\"https:\/\/techlive.cl\/#website\",\"url\":\"https:\/\/techlive.cl\/\",\"name\":\"techlive\",\"description\":\"\",\"publisher\":{\"@id\":\"https:\/\/techlive.cl\/#organization\"},\"potentialAction\":[{\"@type\":\"SearchAction\",\"target\":{\"@type\":\"EntryPoint\",\"urlTemplate\":\"https:\/\/techlive.cl\/?s={search_term_string}\"},\"query-input\":\"required name=search_term_string\"}],\"inLanguage\":\"es\"},{\"@type\":\"Organization\",\"@id\":\"https:\/\/techlive.cl\/#organization\",\"name\":\"techlive\",\"url\":\"https:\/\/techlive.cl\/\",\"logo\":{\"@type\":\"ImageObject\",\"inLanguage\":\"es\",\"@id\":\"https:\/\/techlive.cl\/#\/schema\/logo\/image\/\",\"url\":\"https:\/\/techlive.cl\/wp-content\/uploads\/2023\/08\/log_horizontal.jpg\",\"contentUrl\":\"https:\/\/techlive.cl\/wp-content\/uploads\/2023\/08\/log_horizontal.jpg\",\"width\":612,\"height\":186,\"caption\":\"techlive\"},\"image\":{\"@id\":\"https:\/\/techlive.cl\/#\/schema\/logo\/image\/\"}}]}<\/script>\n<!-- \/ Yoast SEO plugin. -->","yoast_head_json":{"title":"Software Factory - techlive","description":"Empleamos procesos, herramientas y automatizaci\u00f3n para mejorar la eficiencia, calidad y velocidad en la producci\u00f3n de aplicaciones.","robots":{"index":"index","follow":"follow","max-snippet":"max-snippet:-1","max-image-preview":"max-image-preview:large","max-video-preview":"max-video-preview:-1"},"canonical":"https:\/\/techlive.cl\/?page_id=125","og_locale":"es_ES","og_type":"article","og_title":"Software Factory - techlive","og_description":"Empleamos procesos, herramientas y automatizaci\u00f3n para mejorar la eficiencia, calidad y velocidad en la producci\u00f3n de aplicaciones.","og_url":"https:\/\/techlive.cl\/?page_id=125","og_site_name":"techlive","article_modified_time":"2023-09-20T20:36:58+00:00","og_image":[{"url":"https:\/\/techlive.cl\/wp-content\/uploads\/2023\/09\/15680-1024x1024.jpg"}],"twitter_card":"summary_large_image","twitter_misc":{"Tiempo de lectura":"2 minutos"},"schema":{"@context":"https:\/\/schema.org","@graph":[{"@type":"WebPage","@id":"https:\/\/techlive.cl\/?page_id=125","url":"https:\/\/techlive.cl\/?page_id=125","name":"Software Factory - techlive","isPartOf":{"@id":"https:\/\/techlive.cl\/#website"},"datePublished":"2023-08-24T16:53:24+00:00","dateModified":"2023-09-20T20:36:58+00:00","description":"Empleamos procesos, herramientas y automatizaci\u00f3n para mejorar la eficiencia, calidad y velocidad en la producci\u00f3n de aplicaciones.","breadcrumb":{"@id":"https:\/\/techlive.cl\/?page_id=125#breadcrumb"},"inLanguage":"es","potentialAction":[{"@type":"ReadAction","target":["https:\/\/techlive.cl\/?page_id=125"]}]},{"@type":"BreadcrumbList","@id":"https:\/\/techlive.cl\/?page_id=125#breadcrumb","itemListElement":[{"@type":"ListItem","position":1,"name":"Portada","item":"https:\/\/techlive.cl\/"},{"@type":"ListItem","position":2,"name":"Software Factory"}]},{"@type":"WebSite","@id":"https:\/\/techlive.cl\/#website","url":"https:\/\/techlive.cl\/","name":"techlive","description":"","publisher":{"@id":"https:\/\/techlive.cl\/#organization"},"potentialAction":[{"@type":"SearchAction","target":{"@type":"EntryPoint","urlTemplate":"https:\/\/techlive.cl\/?s={search_term_string}"},"query-input":"required name=search_term_string"}],"inLanguage":"es"},{"@type":"Organization","@id":"https:\/\/techlive.cl\/#organization","name":"techlive","url":"https:\/\/techlive.cl\/","logo":{"@type":"ImageObject","inLanguage":"es","@id":"https:\/\/techlive.cl\/#\/schema\/logo\/image\/","url":"https:\/\/techlive.cl\/wp-content\/uploads\/2023\/08\/log_horizontal.jpg","contentUrl":"https:\/\/techlive.cl\/wp-content\/uploads\/2023\/08\/log_horizontal.jpg","width":612,"height":186,"caption":"techlive"},"image":{"@id":"https:\/\/techlive.cl\/#\/schema\/logo\/image\/"}}]}},"_links":{"self":[{"href":"https:\/\/techlive.cl\/index.php?rest_route=\/wp\/v2\/pages\/125","targetHints":{"allow":["GET"]}}],"collection":[{"href":"https:\/\/techlive.cl\/index.php?rest_route=\/wp\/v2\/pages"}],"about":[{"href":"https:\/\/techlive.cl\/index.php?rest_route=\/wp\/v2\/types\/page"}],"author":[{"embeddable":true,"href":"https:\/\/techlive.cl\/index.php?rest_route=\/wp\/v2\/users\/1"}],"replies":[{"embeddable":true,"href":"https:\/\/techlive.cl\/index.php?rest_route=%2Fwp%2Fv2%2Fcomments&post=125"}],"version-history":[{"count":43,"href":"https:\/\/techlive.cl\/index.php?rest_route=\/wp\/v2\/pages\/125\/revisions"}],"predecessor-version":[{"id":840,"href":"https:\/\/techlive.cl\/index.php?rest_route=\/wp\/v2\/pages\/125\/revisions\/840"}],"wp:attachment":[{"href":"https:\/\/techlive.cl\/index.php?rest_route=%2Fwp%2Fv2%2Fmedia&parent=125"}],"curies":[{"name":"wp","href":"https:\/\/api.w.org\/{rel}","templated":true}]}}