{"id":110,"date":"2023-08-24T14:40:34","date_gmt":"2023-08-24T14:40:34","guid":{"rendered":"https:\/\/techlive.cl\/?page_id=110"},"modified":"2024-07-02T22:41:40","modified_gmt":"2024-07-02T22:41:40","slug":"rocketbot-automatizacion-flexibilidad","status":"publish","type":"page","link":"https:\/\/techlive.cl\/?page_id=110","title":{"rendered":"\u2022Robotizaci\u00f3n de Procesos con RPA"},"content":{"rendered":"\t\t<div data-elementor-type=\"wp-page\" data-elementor-id=\"110\" class=\"elementor elementor-110\" data-elementor-post-type=\"page\">\n\t\t\t\t\t\t<section class=\"elementor-section elementor-top-section elementor-element elementor-element-ef58230 elementor-section-boxed elementor-section-height-default elementor-section-height-default\" data-id=\"ef58230\" data-element_type=\"section\" data-settings=\"{&quot;background_background&quot;:&quot;classic&quot;}\">\n\t\t\t\t\t\t<div class=\"elementor-container elementor-column-gap-default\">\n\t\t\t\t\t<div class=\"elementor-column elementor-col-50 elementor-top-column elementor-element elementor-element-dba147b\" data-id=\"dba147b\" data-element_type=\"column\">\n\t\t\t<div class=\"elementor-widget-wrap elementor-element-populated\">\n\t\t\t\t\t\t<div class=\"elementor-element elementor-element-864445a elementor-widget elementor-widget-image\" data-id=\"864445a\" data-element_type=\"widget\" data-widget_type=\"image.default\">\n\t\t\t\t<div class=\"elementor-widget-container\">\n\t\t\t\t\t\t\t\t\t\t\t\t\t\t\t<img fetchpriority=\"high\" decoding=\"async\" width=\"598\" height=\"597\" src=\"https:\/\/techlive.cl\/wp-content\/uploads\/2023\/09\/robotina.jpg\" class=\"attachment-large size-large wp-image-768\" alt=\"\" srcset=\"https:\/\/techlive.cl\/wp-content\/uploads\/2023\/09\/robotina.jpg 598w, https:\/\/techlive.cl\/wp-content\/uploads\/2023\/09\/robotina-300x300.jpg 300w, https:\/\/techlive.cl\/wp-content\/uploads\/2023\/09\/robotina-150x150.jpg 150w\" sizes=\"(max-width: 598px) 100vw, 598px\" \/>\t\t\t\t\t\t\t\t\t\t\t\t\t\t\t<\/div>\n\t\t\t\t<\/div>\n\t\t\t\t<div class=\"elementor-element elementor-element-1a559bc elementor-widget elementor-widget-image\" data-id=\"1a559bc\" data-element_type=\"widget\" data-widget_type=\"image.default\">\n\t\t\t\t<div class=\"elementor-widget-container\">\n\t\t\t\t\t\t\t\t\t\t\t\t\t\t\t<img decoding=\"async\" width=\"323\" height=\"89\" src=\"https:\/\/techlive.cl\/wp-content\/uploads\/2023\/08\/rocketbot.jpg\" class=\"attachment-large size-large wp-image-28\" alt=\"\" srcset=\"https:\/\/techlive.cl\/wp-content\/uploads\/2023\/08\/rocketbot.jpg 323w, https:\/\/techlive.cl\/wp-content\/uploads\/2023\/08\/rocketbot-300x83.jpg 300w\" sizes=\"(max-width: 323px) 100vw, 323px\" \/>\t\t\t\t\t\t\t\t\t\t\t\t\t\t\t<\/div>\n\t\t\t\t<\/div>\n\t\t\t\t\t<\/div>\n\t\t<\/div>\n\t\t\t\t<div class=\"elementor-column elementor-col-50 elementor-top-column elementor-element elementor-element-b3a8291\" data-id=\"b3a8291\" data-element_type=\"column\">\n\t\t\t<div class=\"elementor-widget-wrap elementor-element-populated\">\n\t\t\t\t\t\t<div class=\"elementor-element elementor-element-d35ca2a elementor-widget elementor-widget-heading\" data-id=\"d35ca2a\" data-element_type=\"widget\" data-widget_type=\"heading.default\">\n\t\t\t\t<div class=\"elementor-widget-container\">\n\t\t\t\t\t<h1 class=\"elementor-heading-title elementor-size-default\">Robotizaci\u00f3n de procesos con RPA\n<\/h1>\t\t\t\t<\/div>\n\t\t\t\t<\/div>\n\t\t\t\t<div class=\"elementor-element elementor-element-902cf17 elementor-widget elementor-widget-text-editor\" data-id=\"902cf17\" data-element_type=\"widget\" data-widget_type=\"text-editor.default\">\n\t\t\t\t<div class=\"elementor-widget-container\">\n\t\t\t\t\t\t\t\t\t<p>Que es la Robotizaci\u00f3n de procesos? Robotic process automation (RPA) corresponde a la Automatizaci\u00f3n de procesos robotizada, esto significa que existen robots digitales que son capaces de realizar las tareas repetitivas, lentas y tediosas que realizan los colaboradores de las empresas liberando tiempo para lo que realmente importa!<\/p><p>CON ESTO PUEDES LOGRAR\u00a0<\/p>\t\t\t\t\t\t\t\t<\/div>\n\t\t\t\t<\/div>\n\t\t\t\t<section class=\"elementor-section elementor-inner-section elementor-element elementor-element-3638d2f elementor-section-boxed elementor-section-height-default elementor-section-height-default\" data-id=\"3638d2f\" data-element_type=\"section\">\n\t\t\t\t\t\t<div class=\"elementor-container elementor-column-gap-default\">\n\t\t\t\t\t<div class=\"elementor-column elementor-col-50 elementor-inner-column elementor-element elementor-element-35b3073\" data-id=\"35b3073\" data-element_type=\"column\">\n\t\t\t<div class=\"elementor-widget-wrap elementor-element-populated\">\n\t\t\t\t\t\t<div class=\"elementor-element elementor-element-b82b43b elementor-widget elementor-widget-counter\" data-id=\"b82b43b\" data-element_type=\"widget\" data-widget_type=\"counter.default\">\n\t\t\t\t<div class=\"elementor-widget-container\">\n\t\t\t\t\t\t\t<div class=\"elementor-counter\">\n\t\t\t<div class=\"elementor-counter-title\">de error<\/div>\t\t\t<div class=\"elementor-counter-number-wrapper\">\n\t\t\t\t<span class=\"elementor-counter-number-prefix\"><\/span>\n\t\t\t\t<span class=\"elementor-counter-number\" data-duration=\"2000\" data-to-value=\"0\" data-from-value=\"100\" data-delimiter=\".\">100<\/span>\n\t\t\t\t<span class=\"elementor-counter-number-suffix\">%<\/span>\n\t\t\t<\/div>\n\t\t<\/div>\n\t\t\t\t\t\t<\/div>\n\t\t\t\t<\/div>\n\t\t\t\t\t<\/div>\n\t\t<\/div>\n\t\t\t\t<div class=\"elementor-column elementor-col-50 elementor-inner-column elementor-element elementor-element-cce592f\" data-id=\"cce592f\" data-element_type=\"column\">\n\t\t\t<div class=\"elementor-widget-wrap elementor-element-populated\">\n\t\t\t\t\t\t<div class=\"elementor-element elementor-element-96200b9 elementor-widget elementor-widget-counter\" data-id=\"96200b9\" data-element_type=\"widget\" data-widget_type=\"counter.default\">\n\t\t\t\t<div class=\"elementor-widget-container\">\n\t\t\t\t\t\t\t<div class=\"elementor-counter\">\n\t\t\t<div class=\"elementor-counter-title\">de eficiencia<\/div>\t\t\t<div class=\"elementor-counter-number-wrapper\">\n\t\t\t\t<span class=\"elementor-counter-number-prefix\"><\/span>\n\t\t\t\t<span class=\"elementor-counter-number\" data-duration=\"2000\" data-to-value=\"98\" data-from-value=\"0\" data-delimiter=\".\">0<\/span>\n\t\t\t\t<span class=\"elementor-counter-number-suffix\">%<\/span>\n\t\t\t<\/div>\n\t\t<\/div>\n\t\t\t\t\t\t<\/div>\n\t\t\t\t<\/div>\n\t\t\t\t\t<\/div>\n\t\t<\/div>\n\t\t\t\t\t<\/div>\n\t\t<\/section>\n\t\t\t\t<div class=\"elementor-element elementor-element-77cf8b6 elementor-widget elementor-widget-text-editor\" data-id=\"77cf8b6\" data-element_type=\"widget\" data-widget_type=\"text-editor.default\">\n\t\t\t\t<div class=\"elementor-widget-container\">\n\t\t\t\t\t\t\t\t\t<p>Nuestro partner l\u00edder en el mercado es Rocketbot, plataforma de RPA que disponibiliza los robots digitales para automatizar los procesos que necesites! Software compatible con Lynux, Windows y Mac, creado en lenguaje de programaci\u00f3n Python, lo cual permite sea una plataforma flexible, \u00e1gil y escalable.<\/p>\t\t\t\t\t\t\t\t<\/div>\n\t\t\t\t<\/div>\n\t\t\t\t\t<\/div>\n\t\t<\/div>\n\t\t\t\t\t<\/div>\n\t\t<\/section>\n\t\t\t\t<section class=\"elementor-section elementor-top-section elementor-element elementor-element-0bb0e25 elementor-section-boxed elementor-section-height-default elementor-section-height-default\" data-id=\"0bb0e25\" data-element_type=\"section\">\n\t\t\t\t\t\t<div class=\"elementor-container elementor-column-gap-default\">\n\t\t\t\t\t<div class=\"elementor-column elementor-col-100 elementor-top-column elementor-element elementor-element-054513f\" data-id=\"054513f\" data-element_type=\"column\">\n\t\t\t<div class=\"elementor-widget-wrap elementor-element-populated\">\n\t\t\t\t\t\t<div class=\"elementor-element elementor-element-692ef1c elementor-align-center elementor-widget elementor-widget-button\" data-id=\"692ef1c\" data-element_type=\"widget\" data-widget_type=\"button.default\">\n\t\t\t\t<div class=\"elementor-widget-container\">\n\t\t\t\t\t\t\t\t\t<div class=\"elementor-button-wrapper\">\n\t\t\t\t\t<a class=\"elementor-button elementor-button-link elementor-size-sm\" href=\"https:\/\/techlive.cl\/?page_id=61\">\n\t\t\t\t\t\t<span class=\"elementor-button-content-wrapper\">\n\t\t\t\t\t\t\t\t\t<span class=\"elementor-button-text\">\u00bfQuieres saber m\u00e1s?<\/span>\n\t\t\t\t\t<\/span>\n\t\t\t\t\t<\/a>\n\t\t\t\t<\/div>\n\t\t\t\t\t\t\t\t<\/div>\n\t\t\t\t<\/div>\n\t\t\t\t\t<\/div>\n\t\t<\/div>\n\t\t\t\t\t<\/div>\n\t\t<\/section>\n\t\t\t\t<section class=\"elementor-section elementor-top-section elementor-element elementor-element-7a8b1ba elementor-section-boxed elementor-section-height-default elementor-section-height-default\" data-id=\"7a8b1ba\" data-element_type=\"section\">\n\t\t\t\t\t\t<div class=\"elementor-container elementor-column-gap-default\">\n\t\t\t\t\t<div class=\"elementor-column elementor-col-100 elementor-top-column elementor-element elementor-element-7df3640\" data-id=\"7df3640\" data-element_type=\"column\">\n\t\t\t<div class=\"elementor-widget-wrap elementor-element-populated\">\n\t\t\t\t\t\t<div class=\"elementor-element elementor-element-71193a4 elementor-widget elementor-widget-spacer\" data-id=\"71193a4\" data-element_type=\"widget\" data-widget_type=\"spacer.default\">\n\t\t\t\t<div class=\"elementor-widget-container\">\n\t\t\t\t\t\t\t<div class=\"elementor-spacer\">\n\t\t\t<div class=\"elementor-spacer-inner\"><\/div>\n\t\t<\/div>\n\t\t\t\t\t\t<\/div>\n\t\t\t\t<\/div>\n\t\t\t\t\t<\/div>\n\t\t<\/div>\n\t\t\t\t\t<\/div>\n\t\t<\/section>\n\t\t\t\t<\/div>\n\t\t","protected":false},"excerpt":{"rendered":"<p>Robotizaci\u00f3n de procesos con RPA Que es la Robotizaci\u00f3n de procesos? Robotic process automation (RPA) corresponde a la Automatizaci\u00f3n de procesos robotizada, esto significa que existen robots digitales que son capaces de realizar las tareas repetitivas, lentas y tediosas que realizan los colaboradores de las empresas liberando tiempo para lo que realmente importa! CON ESTO &hellip;<\/p>\n<p class=\"read-more\"> <a class=\"\" href=\"https:\/\/techlive.cl\/?page_id=110\"> <span class=\"screen-reader-text\">\u2022Robotizaci\u00f3n de Procesos con RPA<\/span> Leer m\u00e1s &raquo;<\/a><\/p>\n","protected":false},"author":1,"featured_media":0,"parent":0,"menu_order":0,"comment_status":"closed","ping_status":"closed","template":"","meta":{"site-sidebar-layout":"no-sidebar","site-content-layout":"page-builder","ast-site-content-layout":"","site-content-style":"default","site-sidebar-style":"default","ast-global-header-display":"","ast-banner-title-visibility":"","ast-main-header-display":"","ast-hfb-above-header-display":"","ast-hfb-below-header-display":"","ast-hfb-mobile-header-display":"","site-post-title":"disabled","ast-breadcrumbs-content":"","ast-featured-img":"disabled","footer-sml-layout":"","theme-transparent-header-meta":"","adv-header-id-meta":"","stick-header-meta":"","header-above-stick-meta":"","header-main-stick-meta":"","header-below-stick-meta":"","astra-migrate-meta-layouts":"","footnotes":""},"class_list":["post-110","page","type-page","status-publish","hentry"],"yoast_head":"<!-- This site is optimized with the Yoast SEO plugin v21.0 - https:\/\/yoast.com\/wordpress\/plugins\/seo\/ -->\n<title>\u2022Robotizaci\u00f3n de Procesos con RPA - techlive<\/title>\n<meta name=\"description\" content=\"Rocketbot es una plataforma de robotizaci\u00f3n flexible y compatible con los diferentes entornos .Permite la ejecuci\u00f3n de procesos en paralelo\" \/>\n<meta name=\"robots\" content=\"index, follow, max-snippet:-1, max-image-preview:large, max-video-preview:-1\" \/>\n<link rel=\"canonical\" href=\"https:\/\/techlive.cl\/?page_id=110\" \/>\n<meta property=\"og:locale\" content=\"es_ES\" \/>\n<meta property=\"og:type\" content=\"article\" \/>\n<meta property=\"og:title\" content=\"\u2022Robotizaci\u00f3n de Procesos con RPA - techlive\" \/>\n<meta property=\"og:description\" content=\"Rocketbot es una plataforma de robotizaci\u00f3n flexible y compatible con los diferentes entornos .Permite la ejecuci\u00f3n de procesos en paralelo\" \/>\n<meta property=\"og:url\" content=\"https:\/\/techlive.cl\/?page_id=110\" \/>\n<meta property=\"og:site_name\" content=\"techlive\" \/>\n<meta property=\"article:modified_time\" content=\"2024-07-02T22:41:40+00:00\" \/>\n<meta property=\"og:image\" content=\"https:\/\/techlive.cl\/wp-content\/uploads\/2023\/09\/robotina.jpg\" \/>\n<meta name=\"twitter:card\" content=\"summary_large_image\" \/>\n<meta name=\"twitter:label1\" content=\"Tiempo de lectura\" \/>\n\t<meta name=\"twitter:data1\" content=\"1 minuto\" \/>\n<script type=\"application\/ld+json\" class=\"yoast-schema-graph\">{\"@context\":\"https:\/\/schema.org\",\"@graph\":[{\"@type\":\"WebPage\",\"@id\":\"https:\/\/techlive.cl\/?page_id=110\",\"url\":\"https:\/\/techlive.cl\/?page_id=110\",\"name\":\"\u2022Robotizaci\u00f3n de Procesos con RPA - techlive\",\"isPartOf\":{\"@id\":\"https:\/\/techlive.cl\/#website\"},\"datePublished\":\"2023-08-24T14:40:34+00:00\",\"dateModified\":\"2024-07-02T22:41:40+00:00\",\"description\":\"Rocketbot es una plataforma de robotizaci\u00f3n flexible y compatible con los diferentes entornos .Permite la ejecuci\u00f3n de procesos en paralelo\",\"breadcrumb\":{\"@id\":\"https:\/\/techlive.cl\/?page_id=110#breadcrumb\"},\"inLanguage\":\"es\",\"potentialAction\":[{\"@type\":\"ReadAction\",\"target\":[\"https:\/\/techlive.cl\/?page_id=110\"]}]},{\"@type\":\"BreadcrumbList\",\"@id\":\"https:\/\/techlive.cl\/?page_id=110#breadcrumb\",\"itemListElement\":[{\"@type\":\"ListItem\",\"position\":1,\"name\":\"Portada\",\"item\":\"https:\/\/techlive.cl\/\"},{\"@type\":\"ListItem\",\"position\":2,\"name\":\"\u2022Robotizaci\u00f3n de Procesos con RPA\"}]},{\"@type\":\"WebSite\",\"@id\":\"https:\/\/techlive.cl\/#website\",\"url\":\"https:\/\/techlive.cl\/\",\"name\":\"techlive\",\"description\":\"\",\"publisher\":{\"@id\":\"https:\/\/techlive.cl\/#organization\"},\"potentialAction\":[{\"@type\":\"SearchAction\",\"target\":{\"@type\":\"EntryPoint\",\"urlTemplate\":\"https:\/\/techlive.cl\/?s={search_term_string}\"},\"query-input\":\"required name=search_term_string\"}],\"inLanguage\":\"es\"},{\"@type\":\"Organization\",\"@id\":\"https:\/\/techlive.cl\/#organization\",\"name\":\"techlive\",\"url\":\"https:\/\/techlive.cl\/\",\"logo\":{\"@type\":\"ImageObject\",\"inLanguage\":\"es\",\"@id\":\"https:\/\/techlive.cl\/#\/schema\/logo\/image\/\",\"url\":\"https:\/\/techlive.cl\/wp-content\/uploads\/2023\/08\/log_horizontal.jpg\",\"contentUrl\":\"https:\/\/techlive.cl\/wp-content\/uploads\/2023\/08\/log_horizontal.jpg\",\"width\":612,\"height\":186,\"caption\":\"techlive\"},\"image\":{\"@id\":\"https:\/\/techlive.cl\/#\/schema\/logo\/image\/\"}}]}<\/script>\n<!-- \/ Yoast SEO plugin. -->","yoast_head_json":{"title":"\u2022Robotizaci\u00f3n de Procesos con RPA - techlive","description":"Rocketbot es una plataforma de robotizaci\u00f3n flexible y compatible con los diferentes entornos .Permite la ejecuci\u00f3n de procesos en paralelo","robots":{"index":"index","follow":"follow","max-snippet":"max-snippet:-1","max-image-preview":"max-image-preview:large","max-video-preview":"max-video-preview:-1"},"canonical":"https:\/\/techlive.cl\/?page_id=110","og_locale":"es_ES","og_type":"article","og_title":"\u2022Robotizaci\u00f3n de Procesos con RPA - techlive","og_description":"Rocketbot es una plataforma de robotizaci\u00f3n flexible y compatible con los diferentes entornos .Permite la ejecuci\u00f3n de procesos en paralelo","og_url":"https:\/\/techlive.cl\/?page_id=110","og_site_name":"techlive","article_modified_time":"2024-07-02T22:41:40+00:00","og_image":[{"url":"https:\/\/techlive.cl\/wp-content\/uploads\/2023\/09\/robotina.jpg"}],"twitter_card":"summary_large_image","twitter_misc":{"Tiempo de lectura":"1 minuto"},"schema":{"@context":"https:\/\/schema.org","@graph":[{"@type":"WebPage","@id":"https:\/\/techlive.cl\/?page_id=110","url":"https:\/\/techlive.cl\/?page_id=110","name":"\u2022Robotizaci\u00f3n de Procesos con RPA - techlive","isPartOf":{"@id":"https:\/\/techlive.cl\/#website"},"datePublished":"2023-08-24T14:40:34+00:00","dateModified":"2024-07-02T22:41:40+00:00","description":"Rocketbot es una plataforma de robotizaci\u00f3n flexible y compatible con los diferentes entornos .Permite la ejecuci\u00f3n de procesos en paralelo","breadcrumb":{"@id":"https:\/\/techlive.cl\/?page_id=110#breadcrumb"},"inLanguage":"es","potentialAction":[{"@type":"ReadAction","target":["https:\/\/techlive.cl\/?page_id=110"]}]},{"@type":"BreadcrumbList","@id":"https:\/\/techlive.cl\/?page_id=110#breadcrumb","itemListElement":[{"@type":"ListItem","position":1,"name":"Portada","item":"https:\/\/techlive.cl\/"},{"@type":"ListItem","position":2,"name":"\u2022Robotizaci\u00f3n de Procesos con RPA"}]},{"@type":"WebSite","@id":"https:\/\/techlive.cl\/#website","url":"https:\/\/techlive.cl\/","name":"techlive","description":"","publisher":{"@id":"https:\/\/techlive.cl\/#organization"},"potentialAction":[{"@type":"SearchAction","target":{"@type":"EntryPoint","urlTemplate":"https:\/\/techlive.cl\/?s={search_term_string}"},"query-input":"required name=search_term_string"}],"inLanguage":"es"},{"@type":"Organization","@id":"https:\/\/techlive.cl\/#organization","name":"techlive","url":"https:\/\/techlive.cl\/","logo":{"@type":"ImageObject","inLanguage":"es","@id":"https:\/\/techlive.cl\/#\/schema\/logo\/image\/","url":"https:\/\/techlive.cl\/wp-content\/uploads\/2023\/08\/log_horizontal.jpg","contentUrl":"https:\/\/techlive.cl\/wp-content\/uploads\/2023\/08\/log_horizontal.jpg","width":612,"height":186,"caption":"techlive"},"image":{"@id":"https:\/\/techlive.cl\/#\/schema\/logo\/image\/"}}]}},"_links":{"self":[{"href":"https:\/\/techlive.cl\/index.php?rest_route=\/wp\/v2\/pages\/110","targetHints":{"allow":["GET"]}}],"collection":[{"href":"https:\/\/techlive.cl\/index.php?rest_route=\/wp\/v2\/pages"}],"about":[{"href":"https:\/\/techlive.cl\/index.php?rest_route=\/wp\/v2\/types\/page"}],"author":[{"embeddable":true,"href":"https:\/\/techlive.cl\/index.php?rest_route=\/wp\/v2\/users\/1"}],"replies":[{"embeddable":true,"href":"https:\/\/techlive.cl\/index.php?rest_route=%2Fwp%2Fv2%2Fcomments&post=110"}],"version-history":[{"count":70,"href":"https:\/\/techlive.cl\/index.php?rest_route=\/wp\/v2\/pages\/110\/revisions"}],"predecessor-version":[{"id":1139,"href":"https:\/\/techlive.cl\/index.php?rest_route=\/wp\/v2\/pages\/110\/revisions\/1139"}],"wp:attachment":[{"href":"https:\/\/techlive.cl\/index.php?rest_route=%2Fwp%2Fv2%2Fmedia&parent=110"}],"curies":[{"name":"wp","href":"https:\/\/api.w.org\/{rel}","templated":true}]}}